{"id":80,"date":"2025-05-15T13:45:34","date_gmt":"2025-05-15T13:45:34","guid":{"rendered":"https:\/\/francenaturalisation.fr\/index.php\/home\/"},"modified":"2025-05-15T13:56:04","modified_gmt":"2025-05-15T13:56:04","slug":"home","status":"publish","type":"page","link":"https:\/\/francenaturalisation.fr\/","title":{"rendered":"Home"},"content":{"rendered":"\t\t<div data-elementor-type=\"wp-page\" data-elementor-id=\"80\" class=\"elementor elementor-80\">\n\t\t\t\t<div class=\"elementor-element elementor-element-524db104 e-flex e-con-boxed e-con e-parent\" data-id=\"524db104\" data-element_type=\"container\">\n\t\t\t\t\t<div class=\"e-con-inner\">\n\t\t\t\t<div class=\"elementor-element elementor-element-37845cbc elementor-widget elementor-widget-flex-hero\" data-id=\"37845cbc\" data-element_type=\"widget\" data-settings=\"{&quot;layout_preset&quot;:&quot;showcase&quot;,&quot;layout_image_position&quot;:&quot;end&quot;,&quot;primary_button_shape&quot;:&quot;default&quot;,&quot;image_shape&quot;:&quot;sharp&quot;,&quot;box_shape&quot;:&quot;sharp&quot;}\" data-widget_type=\"flex-hero.default\">\n\t\t\t\t<div class=\"elementor-widget-container\">\n\t\t\t\t\t\t\t<div class=\"has-shape-sharp shape-type-box ehp-flex-hero has-layout-preset-showcase has-image-position-end\">\n\t\t\t\t\t\t<div class=\"ehp-flex-hero__overlay\"><\/div>\n\t\t\t<div class=\"ehp-flex-hero__content-container\">\n\t\t\t\t<p class=\"ehp-flex-hero__intro\">En 2025<\/p><h2 class=\"ehp-flex-hero__heading\">Naturalisation Fran\u00e7aise<\/h2><h3 class=\"ehp-flex-hero__subheading\">Devenir fran\u00e7ais par naturalisation est une d\u00e9marche importante qui symbolise l\u2019int\u00e9gration dans la R\u00e9publique.<\/h3>\t\t\t<div class=\"ehp-flex-hero__ctas-container\">\n\t\t\t\t\t\t\t\t\t\t\t<\/div>\n\t\t\t\t\t<\/div>\n\t\t\t\t<div class=\"ehp-flex-hero__image-wrapper\">\n\t\t\t\t\t<div class=\"ehp-image ehp-flex-hero__image-container\">\n\t\t\t\t<img decoding=\"async\" class=\"ehp-image__img ehp-flex-hero__img has-shape-sharp shape-type-image\" src=\"https:\/\/francenaturalisation.fr\/wp-content\/uploads\/2025\/05\/why-monsfer1.svg\" title=\"why-monsfer1.svg\" alt=\"why-monsfer1.svg\" loading=\"lazy\" \/>\t\t\t<\/div>\n\t\t\t\t\t<\/div>\n\t\t\t\t<\/div>\n\t\t\t\t\t\t<\/div>\n\t\t\t\t<\/div>\n\t\t\t\t\t<\/div>\n\t\t\t\t<\/div>\n\t\t<div class=\"elementor-element elementor-element-824cf97 e-flex e-con-boxed e-con e-parent\" data-id=\"824cf97\" data-element_type=\"container\">\n\t\t\t\t\t<div class=\"e-con-inner\">\n\t\t\t\t<div class=\"elementor-element elementor-element-296add3 elementor-widget elementor-widget-text-editor\" data-id=\"296add3\" data-element_type=\"widget\" data-widget_type=\"text-editor.default\">\n\t\t\t\t<div class=\"elementor-widget-container\">\n\t\t\t\t\t\t\t\t\t<h2 data-start=\"310\" data-end=\"380\">Obtenir la nationalit\u00e9 fran\u00e7aise : tout ce qu\u2019il faut savoir en 2025<\/h2><p class=\"\" data-start=\"382\" data-end=\"855\"><a href=\"https:\/\/titresfrancais.fr\/\">Devenir fran\u00e7ais<\/a> par naturalisation est une d\u00e9marche importante qui symbolise l\u2019int\u00e9gration dans la R\u00e9publique. Chaque ann\u00e9e, des milliers de personnes obtiennent la nationalit\u00e9 fran\u00e7aise apr\u00e8s un parcours administratif rigoureux. Que vous viviez en France depuis plusieurs ann\u00e9es ou que vous soyez conjoint de Fran\u00e7ais, plusieurs voies s\u2019offrent \u00e0 vous pour acc\u00e9der \u00e0 la citoyennet\u00e9. Voici un guide complet sur les conditions et \u00e9tapes cl\u00e9s de la naturalisation fran\u00e7aise.<\/p><h2 class=\"\" data-start=\"857\" data-end=\"903\">Qu\u2019est-ce que la naturalisation fran\u00e7aise ?<\/h2><p class=\"\" data-start=\"905\" data-end=\"1308\">La naturalisation est une proc\u00e9dure administrative qui permet \u00e0 une personne \u00e9trang\u00e8re d\u2019acqu\u00e9rir la nationalit\u00e9 fran\u00e7aise par d\u00e9cision de l\u2019\u00c9tat. Elle ne doit pas \u00eatre confondue avec d\u2019autres modes d\u2019acquisition de la nationalit\u00e9, comme la filiation, la naissance en France ou le mariage avec un(e) Fran\u00e7ais(e). La naturalisation repose sur une demande volontaire et l\u2019appr\u00e9ciation de l\u2019administration.<\/p><h2 class=\"\" data-start=\"1310\" data-end=\"1374\">Quelles sont les conditions pour demander la naturalisation ?<\/h2><p class=\"\" data-start=\"1376\" data-end=\"1473\">Plusieurs conditions doivent \u00eatre remplies pour d\u00e9poser une demande de naturalisation fran\u00e7aise :<\/p><ol data-start=\"1475\" data-end=\"2339\"><li class=\"\" data-start=\"1475\" data-end=\"1751\"><p class=\"\" data-start=\"1478\" data-end=\"1751\"><strong data-start=\"1478\" data-end=\"1508\">R\u00e9sidence stable en France<\/strong> : En g\u00e9n\u00e9ral, il faut avoir r\u00e9sid\u00e9 l\u00e9galement en France pendant au moins cinq ann\u00e9es cons\u00e9cutives. Ce d\u00e9lai est r\u00e9duit \u00e0 deux ans pour les dipl\u00f4m\u00e9s d\u2019un \u00e9tablissement d\u2019enseignement sup\u00e9rieur fran\u00e7ais ayant r\u00e9sid\u00e9 au moins deux ans en France.<\/p><\/li><li class=\"\" data-start=\"1753\" data-end=\"1879\"><p class=\"\" data-start=\"1756\" data-end=\"1879\"><strong data-start=\"1756\" data-end=\"1785\">Insertion professionnelle<\/strong> : Il est n\u00e9cessaire d\u2019avoir une activit\u00e9 professionnelle stable ou des ressources r\u00e9guli\u00e8res.<\/p><\/li><li class=\"\" data-start=\"1881\" data-end=\"2028\"><p class=\"\" data-start=\"1884\" data-end=\"2028\"><strong data-start=\"1884\" data-end=\"1908\">Ma\u00eetrise du fran\u00e7ais<\/strong> : Le demandeur doit prouver une connaissance suffisante de la langue fran\u00e7aise, \u00e9quivalente au niveau B1 oral et \u00e9crit.<\/p><\/li><li class=\"\" data-start=\"2030\" data-end=\"2230\"><p class=\"\" data-start=\"2033\" data-end=\"2230\"><strong data-start=\"2033\" data-end=\"2061\">Int\u00e9gration r\u00e9publicaine<\/strong> : Le respect des valeurs de la R\u00e9publique est un crit\u00e8re essentiel. Un entretien individuel est r\u00e9alis\u00e9 pour \u00e9valuer l\u2019adh\u00e9sion du demandeur aux principes r\u00e9publicains.<\/p><\/li><li class=\"\" data-start=\"2232\" data-end=\"2339\"><p class=\"\" data-start=\"2235\" data-end=\"2339\"><strong data-start=\"2235\" data-end=\"2263\">Casier judiciaire vierge<\/strong> : Des condamnations graves ou r\u00e9centes peuvent faire obstacle \u00e0 la demande.<\/p><\/li><\/ol><h2 class=\"\" data-start=\"2341\" data-end=\"2388\">Les \u00e9tapes de la proc\u00e9dure de naturalisation<\/h2><p class=\"\" data-start=\"2390\" data-end=\"2682\">La d\u00e9marche commence par la constitution d\u2019un dossier administratif comprenant des pi\u00e8ces justificatives telles que l\u2019acte de naissance, le titre de s\u00e9jour, les justificatifs de domicile, de revenus et de ma\u00eetrise du fran\u00e7ais. Le dossier est ensuite d\u00e9pos\u00e9 aupr\u00e8s de la pr\u00e9fecture comp\u00e9tente.<\/p><p class=\"\" data-start=\"2684\" data-end=\"2948\">Apr\u00e8s un d\u00e9lai d\u2019instruction pouvant durer entre 12 et 18 mois, un entretien est organis\u00e9. \u00c0 l\u2019issue de la proc\u00e9dure, le minist\u00e8re de l\u2019Int\u00e9rieur peut accorder ou refuser la naturalisation. En cas de refus, un recours est possible devant le tribunal administratif.<\/p><h2 class=\"\" data-start=\"2950\" data-end=\"2994\">Les avantages de la nationalit\u00e9 fran\u00e7aise<\/h2><p class=\"\" data-start=\"2996\" data-end=\"3303\">Acqu\u00e9rir la nationalit\u00e9 fran\u00e7aise ouvre de nombreux droits : droit de vote, droit \u00e0 un passeport fran\u00e7ais, acc\u00e8s \u00e0 certains concours de la fonction publique, et libre circulation dans l\u2019Union europ\u00e9enne. C\u2019est aussi un symbole fort d\u2019appartenance \u00e0 la R\u00e9publique et aux valeurs universelles qu\u2019elle incarne.<\/p><hr class=\"\" data-start=\"3305\" data-end=\"3308\" \/><p class=\"\" data-start=\"3310\" data-end=\"3517\"><strong data-start=\"3310\" data-end=\"3337\">FranceNaturalisation.fr<\/strong> est un site d\u2019information con\u00e7u pour vous accompagner dans la compr\u00e9hension des d\u00e9marches li\u00e9es \u00e0 la naturalisation. Pour en savoir plus ou commencer votre d\u00e9marche, cliquez ici :<\/p>\t\t\t\t\t\t\t\t<\/div>\n\t\t\t\t<\/div>\n\t\t\t\t\t<\/div>\n\t\t\t\t<\/div>\n\t\t\t\t<\/div>\n\t\t","protected":false},"excerpt":{"rendered":"<p>En 2025 Naturalisation Fran\u00e7aise Devenir fran\u00e7ais par naturalisation est une d\u00e9marche importante qui symbolise l\u2019int\u00e9gration dans la R\u00e9publique. Obtenir la nationalit\u00e9 fran\u00e7aise : tout ce qu\u2019il faut savoir en 2025 Devenir fran\u00e7ais par naturalisation est une d\u00e9marche importante qui symbolise l\u2019int\u00e9gration dans la R\u00e9publique. Chaque ann\u00e9e, des milliers de personnes obtiennent la nationalit\u00e9 fran\u00e7aise apr\u00e8s [&hellip;]<\/p>\n","protected":false},"author":1,"featured_media":0,"parent":0,"menu_order":0,"comment_status":"closed","ping_status":"closed","template":"elementor_header_footer","meta":{"footnotes":""},"class_list":["post-80","page","type-page","status-publish","hentry"],"_links":{"self":[{"href":"https:\/\/francenaturalisation.fr\/index.php\/wp-json\/wp\/v2\/pages\/80","targetHints":{"allow":["GET"]}}],"collection":[{"href":"https:\/\/francenaturalisation.fr\/index.php\/wp-json\/wp\/v2\/pages"}],"about":[{"href":"https:\/\/francenaturalisation.fr\/index.php\/wp-json\/wp\/v2\/types\/page"}],"author":[{"embeddable":true,"href":"https:\/\/francenaturalisation.fr\/index.php\/wp-json\/wp\/v2\/users\/1"}],"replies":[{"embeddable":true,"href":"https:\/\/francenaturalisation.fr\/index.php\/wp-json\/wp\/v2\/comments?post=80"}],"version-history":[{"count":10,"href":"https:\/\/francenaturalisation.fr\/index.php\/wp-json\/wp\/v2\/pages\/80\/revisions"}],"predecessor-version":[{"id":129,"href":"https:\/\/francenaturalisation.fr\/index.php\/wp-json\/wp\/v2\/pages\/80\/revisions\/129"}],"wp:attachment":[{"href":"https:\/\/francenaturalisation.fr\/index.php\/wp-json\/wp\/v2\/media?parent=80"}],"curies":[{"name":"wp","href":"https:\/\/api.w.org\/{rel}","templated":true}]}}