{"id":26,"date":"2025-05-15T13:44:57","date_gmt":"2025-05-15T13:44:57","guid":{"rendered":"https:\/\/francenaturalisation.fr\/index.php\/terms-of-use\/"},"modified":"2025-05-15T14:00:39","modified_gmt":"2025-05-15T14:00:39","slug":"terms-of-use","status":"publish","type":"page","link":"https:\/\/francenaturalisation.fr\/index.php\/terms-of-use\/","title":{"rendered":"Conditions g\u00e9n\u00e9rales d\u2019utilisation (CGU)"},"content":{"rendered":"\t\t<div data-elementor-type=\"wp-page\" data-elementor-id=\"26\" class=\"elementor elementor-26\">\n\t\t\t\t<div class=\"elementor-element elementor-element-5eef0f13 e-flex e-con-boxed e-con e-parent\" data-id=\"5eef0f13\" data-element_type=\"container\">\n\t\t\t\t\t<div class=\"e-con-inner\">\n\t\t<div class=\"elementor-element elementor-element-5ffaaffd e-con-full e-flex e-con e-child\" data-id=\"5ffaaffd\" data-element_type=\"container\" data-settings=\"{&quot;background_background&quot;:&quot;classic&quot;}\">\n\t\t\t\t<div class=\"elementor-element elementor-element-5fcac344 elementor-view-stacked elementor-position-left elementor-vertical-align-middle elementor-shape-circle elementor-mobile-position-top elementor-widget elementor-widget-icon-box\" data-id=\"5fcac344\" data-element_type=\"widget\" data-widget_type=\"icon-box.default\">\n\t\t\t\t<div class=\"elementor-widget-container\">\n\t\t\t\t\t\t\t<div class=\"elementor-icon-box-wrapper\">\n\n\t\t\t\t\t\t<div class=\"elementor-icon-box-icon\">\n\t\t\t\t<span  class=\"elementor-icon\">\n\t\t\t\t<svg aria-hidden=\"true\" class=\"e-font-icon-svg e-fas-circle\" viewBox=\"0 0 512 512\" xmlns=\"http:\/\/www.w3.org\/2000\/svg\"><path d=\"M256 8C119 8 8 119 8 256s111 248 248 248 248-111 248-248S393 8 256 8z\"><\/path><\/svg>\t\t\t\t<\/span>\n\t\t\t<\/div>\n\t\t\t\n\t\t\t\t\t\t<div class=\"elementor-icon-box-content\">\n\n\t\t\t\t\t\t\t\t\t<h3 class=\"elementor-icon-box-title\">\n\t\t\t\t\t\t<span  >\n\t\t\t\t\t\t\tConditions g\u00e9n\u00e9rales d\u2019utilisation (CGU)\t\t\t\t\t\t<\/span>\n\t\t\t\t\t<\/h3>\n\t\t\t\t\n\t\t\t\t\n\t\t\t<\/div>\n\t\t\t\n\t\t<\/div>\n\t\t\t\t\t\t<\/div>\n\t\t\t\t<\/div>\n\t\t\t\t<div class=\"elementor-element elementor-element-3689da15 elementor-widget elementor-widget-text-editor\" data-id=\"3689da15\" data-element_type=\"widget\" data-widget_type=\"text-editor.default\">\n\t\t\t\t<div class=\"elementor-widget-container\">\n\t\t\t\t\t\t\t\t\t<p>Contrat utilisateur<\/p>\t\t\t\t\t\t\t\t<\/div>\n\t\t\t\t<\/div>\n\t\t\t\t<div class=\"elementor-element elementor-element-4701d58c elementor-widget elementor-widget-text-editor\" data-id=\"4701d58c\" data-element_type=\"widget\" data-widget_type=\"text-editor.default\">\n\t\t\t\t<div class=\"elementor-widget-container\">\n\t\t\t\t\t\t\t\t\t<p class=\"\" data-start=\"1725\" data-end=\"1853\">L\u2019utilisation du site FranceNaturalisation.fr implique l\u2019acceptation pleine et enti\u00e8re des pr\u00e9sentes conditions d\u2019utilisation.<\/p><p class=\"\" data-start=\"1855\" data-end=\"2116\">Ce site est fourni \u00e0 titre purement informatif et ne constitue pas une prestation de conseil juridique ou administratif. Il contient un lien redirigeant vers un site tiers. L\u2019\u00e9diteur ne peut \u00eatre tenu responsable du contenu ou du fonctionnement du site cible.<\/p><p class=\"\" data-start=\"2118\" data-end=\"2205\">L\u2019utilisateur s\u2019engage \u00e0 ne pas porter atteinte \u00e0 la s\u00e9curit\u00e9 ou \u00e0 l\u2019int\u00e9grit\u00e9 du site.<\/p>\t\t\t\t\t\t\t\t<\/div>\n\t\t\t\t<\/div>\n\t\t\t\t<div class=\"elementor-element elementor-element-2b0b0f72 elementor-widget elementor-widget-text-editor\" data-id=\"2b0b0f72\" data-element_type=\"widget\" data-widget_type=\"text-editor.default\">\n\t\t\t\t<div class=\"elementor-widget-container\">\n\t\t\t\t\t\t\t\t\t<p>Politique de confidentialit\u00e9<\/p>\t\t\t\t\t\t\t\t<\/div>\n\t\t\t\t<\/div>\n\t\t\t\t<div class=\"elementor-element elementor-element-5933a514 elementor-widget elementor-widget-text-editor\" data-id=\"5933a514\" data-element_type=\"widget\" data-widget_type=\"text-editor.default\">\n\t\t\t\t<div class=\"elementor-widget-container\">\n\t\t\t\t\t\t\t\t\t<p class=\"\" data-start=\"696\" data-end=\"836\">FranceNaturalisation.fr respecte la vie priv\u00e9e de ses utilisateurs et s\u2019engage \u00e0 prot\u00e9ger les donn\u00e9es personnelles collect\u00e9es via le site.<\/p><p class=\"\" data-start=\"838\" data-end=\"1066\">Les donn\u00e9es susceptibles d\u2019\u00eatre collect\u00e9es (ex. via formulaire ou cookies) sont uniquement destin\u00e9es \u00e0 am\u00e9liorer l\u2019exp\u00e9rience utilisateur ou \u00e0 rediriger vers un site partenaire. Aucune donn\u00e9e n\u2019est vendue ni c\u00e9d\u00e9e \u00e0 des tiers.<\/p><p class=\"\" data-start=\"1068\" data-end=\"1246\">Conform\u00e9ment au RGPD, vous disposez d\u2019un droit d\u2019acc\u00e8s, de rectification, d\u2019opposition, de suppression de vos donn\u00e9es.<br data-start=\"1186\" data-end=\"1189\" \/>Pour exercer vos droits : <a class=\"cursor-pointer\" rel=\"noopener\" data-start=\"1215\" data-end=\"1246\">contact@francenaturalisation.fr<\/a><\/p>\t\t\t\t\t\t\t\t<\/div>\n\t\t\t\t<\/div>\n\t\t\t\t<div class=\"elementor-element elementor-element-68591d3b elementor-widget elementor-widget-text-editor\" data-id=\"68591d3b\" data-element_type=\"widget\" data-widget_type=\"text-editor.default\">\n\t\t\t\t<div class=\"elementor-widget-container\">\n\t\t\t\t\t\t\t\t\t<p>Politique de cookies<\/p>\t\t\t\t\t\t\t\t<\/div>\n\t\t\t\t<\/div>\n\t\t\t\t<div class=\"elementor-element elementor-element-420987ad elementor-widget elementor-widget-text-editor\" data-id=\"420987ad\" data-element_type=\"widget\" data-widget_type=\"text-editor.default\">\n\t\t\t\t<div class=\"elementor-widget-container\">\n\t\t\t\t\t\t\t\t\t<p class=\"\" data-start=\"1283\" data-end=\"1398\">Le site FranceNaturalisation.fr utilise des cookies \u00e0 des fins de mesure d\u2019audience et d\u2019optimisation du contenu.<\/p><p class=\"\" data-start=\"1400\" data-end=\"1562\">Les cookies ne permettent pas de vous identifier personnellement. Vous pouvez \u00e0 tout moment configurer votre navigateur pour bloquer tout ou partie des cookies.<\/p><p class=\"\" data-start=\"1564\" data-end=\"1668\">En poursuivant votre navigation, vous acceptez l\u2019utilisation des cookies conform\u00e9ment \u00e0 cette politique.<\/p>\t\t\t\t\t\t\t\t<\/div>\n\t\t\t\t<\/div>\n\t\t\t\t<div class=\"elementor-element elementor-element-122fb4b0 elementor-absolute elementor-widget elementor-widget-menu-anchor\" data-id=\"122fb4b0\" data-element_type=\"widget\" data-settings=\"{&quot;_position&quot;:&quot;absolute&quot;}\" data-widget_type=\"menu-anchor.default\">\n\t\t\t\t<div class=\"elementor-widget-container\">\n\t\t\t\t\t\t\t<div class=\"elementor-menu-anchor\" id=\"privacy\"><\/div>\n\t\t\t\t\t\t<\/div>\n\t\t\t\t<\/div>\n\t\t\t\t<\/div>\n\t\t\t\t\t<\/div>\n\t\t\t\t<\/div>\n\t\t<div class=\"elementor-element elementor-element-55617dcd e-flex e-con-boxed e-con e-parent\" data-id=\"55617dcd\" data-element_type=\"container\">\n\t\t\t\t\t<div class=\"e-con-inner\">\n\t\t<div class=\"elementor-element elementor-element-74ea4b61 e-con-full e-flex e-con e-child\" data-id=\"74ea4b61\" data-element_type=\"container\" data-settings=\"{&quot;background_background&quot;:&quot;classic&quot;}\">\n\t\t\t\t<div class=\"elementor-element elementor-element-2ffcb13c elementor-view-stacked elementor-position-left elementor-vertical-align-middle elementor-shape-circle elementor-mobile-position-top elementor-widget elementor-widget-icon-box\" data-id=\"2ffcb13c\" data-element_type=\"widget\" data-widget_type=\"icon-box.default\">\n\t\t\t\t<div class=\"elementor-widget-container\">\n\t\t\t\t\t\t\t<div class=\"elementor-icon-box-wrapper\">\n\n\t\t\t\t\t\t<div class=\"elementor-icon-box-icon\">\n\t\t\t\t<span  class=\"elementor-icon\">\n\t\t\t\t<svg aria-hidden=\"true\" class=\"e-font-icon-svg e-fas-circle\" viewBox=\"0 0 512 512\" xmlns=\"http:\/\/www.w3.org\/2000\/svg\"><path d=\"M256 8C119 8 8 119 8 256s111 248 248 248 248-111 248-248S393 8 256 8z\"><\/path><\/svg>\t\t\t\t<\/span>\n\t\t\t<\/div>\n\t\t\t\n\t\t\t\t\t\t<div class=\"elementor-icon-box-content\">\n\n\t\t\t\t\t\t\t\t\t<h3 class=\"elementor-icon-box-title\">\n\t\t\t\t\t\t<span  >\n\t\t\t\t\t\t\tPrivacy and cookies\t\t\t\t\t\t<\/span>\n\t\t\t\t\t<\/h3>\n\t\t\t\t\n\t\t\t\t\n\t\t\t<\/div>\n\t\t\t\n\t\t<\/div>\n\t\t\t\t\t\t<\/div>\n\t\t\t\t<\/div>\n\t\t\t\t<div class=\"elementor-element elementor-element-6359327c elementor-widget elementor-widget-text-editor\" data-id=\"6359327c\" data-element_type=\"widget\" data-widget_type=\"text-editor.default\">\n\t\t\t\t<div class=\"elementor-widget-container\">\n\t\t\t\t\t\t\t\t\t<p>Data collection and usage<\/p>\t\t\t\t\t\t\t\t<\/div>\n\t\t\t\t<\/div>\n\t\t\t\t<div class=\"elementor-element elementor-element-7f2748ca elementor-widget elementor-widget-text-editor\" data-id=\"7f2748ca\" data-element_type=\"widget\" data-widget_type=\"text-editor.default\">\n\t\t\t\t<div class=\"elementor-widget-container\">\n\t\t\t\t\t\t\t\t\t<p><span style=\"color: var( --e-global-color-text );font-family: var( --e-global-typography-text-font-family ), Sans-serif;font-size: var( --e-global-typography-text-font-size );font-style: var( --e-global-typography-text-font-style );font-weight: var( --e-global-typography-text-font-weight );letter-spacing: var( --e-global-typography-text-letter-spacing );text-transform: var( --e-global-typography-text-text-transform );background-color: var( --e-global-color-729a469 );text-align: var(--text-align)\">We collect and process your data to provide and improve our services. This includes information you share directly with us, such as account details, and data collected through your interactions with our platform. Your information is used solely for operational purposes, such as enhancing your experience, ensuring security, and providing personalized features. We do not sell your data to third parties.<\/span><\/p>\t\t\t\t\t\t\t\t<\/div>\n\t\t\t\t<\/div>\n\t\t\t\t<div class=\"elementor-element elementor-element-4b3282ac elementor-widget elementor-widget-text-editor\" data-id=\"4b3282ac\" data-element_type=\"widget\" data-widget_type=\"text-editor.default\">\n\t\t\t\t<div class=\"elementor-widget-container\">\n\t\t\t\t\t\t\t\t\t<p>Cookie Policy<\/p>\t\t\t\t\t\t\t\t<\/div>\n\t\t\t\t<\/div>\n\t\t\t\t<div class=\"elementor-element elementor-element-4bfed0e9 elementor-widget elementor-widget-text-editor\" data-id=\"4bfed0e9\" data-element_type=\"widget\" data-widget_type=\"text-editor.default\">\n\t\t\t\t<div class=\"elementor-widget-container\">\n\t\t\t\t\t\t\t\t\t<p><span style=\"color: var( --e-global-color-text );font-family: var( --e-global-typography-text-font-family ), Sans-serif;font-size: var( --e-global-typography-text-font-size );font-style: var( --e-global-typography-text-font-style );font-weight: var( --e-global-typography-text-font-weight );letter-spacing: var( --e-global-typography-text-letter-spacing );text-transform: var( --e-global-typography-text-text-transform );background-color: var( --e-global-color-729a469 );text-align: var(--text-align)\">Our site uses cookies to improve performance, analyze user behavior, and enhance your overall experience. Cookies help us understand how you interact with our services and allow us to tailor content to your preferences. You can manage your cookie settings in your browser at any time, but some features may not function optimally without them.<\/span><\/p>\t\t\t\t\t\t\t\t<\/div>\n\t\t\t\t<\/div>\n\t\t\t\t<div class=\"elementor-element elementor-element-e4841fb elementor-widget elementor-widget-text-editor\" data-id=\"e4841fb\" data-element_type=\"widget\" data-widget_type=\"text-editor.default\">\n\t\t\t\t<div class=\"elementor-widget-container\">\n\t\t\t\t\t\t\t\t\t<p>Protecting Your Privacy<\/p>\t\t\t\t\t\t\t\t<\/div>\n\t\t\t\t<\/div>\n\t\t\t\t<div class=\"elementor-element elementor-element-4114e48 elementor-widget elementor-widget-text-editor\" data-id=\"4114e48\" data-element_type=\"widget\" data-widget_type=\"text-editor.default\">\n\t\t\t\t<div class=\"elementor-widget-container\">\n\t\t\t\t\t\t\t\t\t<p><span style=\"color: var( --e-global-color-text );font-family: var( --e-global-typography-text-font-family ), Sans-serif;font-size: var( --e-global-typography-text-font-size );font-style: var( --e-global-typography-text-font-style );font-weight: var( --e-global-typography-text-font-weight );letter-spacing: var( --e-global-typography-text-letter-spacing );text-transform: var( --e-global-typography-text-text-transform );background-color: var( --e-global-color-729a469 );text-align: var(--text-align)\">We prioritize your privacy and use advanced security measures to safeguard your information. Access to your data is restricted to authorized personnel, and we regularly review our practices to ensure compliance with industry standards. If you have questions about how your data is handled, feel free to contact us directly.<\/span><\/p>\t\t\t\t\t\t\t\t<\/div>\n\t\t\t\t<\/div>\n\t\t\t\t<\/div>\n\t\t\t\t\t<\/div>\n\t\t\t\t<\/div>\n\t\t\t\t<\/div>\n\t\t","protected":false},"excerpt":{"rendered":"<p>Conditions g\u00e9n\u00e9rales d\u2019utilisation (CGU) Contrat utilisateur L\u2019utilisation du site FranceNaturalisation.fr implique l\u2019acceptation pleine et enti\u00e8re des pr\u00e9sentes conditions d\u2019utilisation. Ce site est fourni \u00e0 titre purement informatif et ne constitue pas une prestation de conseil juridique ou administratif. Il contient un lien redirigeant vers un site tiers. L\u2019\u00e9diteur ne peut \u00eatre tenu responsable du contenu [&hellip;]<\/p>\n","protected":false},"author":1,"featured_media":0,"parent":0,"menu_order":0,"comment_status":"closed","ping_status":"closed","template":"elementor_header_footer","meta":{"footnotes":""},"class_list":["post-26","page","type-page","status-publish","hentry"],"_links":{"self":[{"href":"https:\/\/francenaturalisation.fr\/index.php\/wp-json\/wp\/v2\/pages\/26","targetHints":{"allow":["GET"]}}],"collection":[{"href":"https:\/\/francenaturalisation.fr\/index.php\/wp-json\/wp\/v2\/pages"}],"about":[{"href":"https:\/\/francenaturalisation.fr\/index.php\/wp-json\/wp\/v2\/types\/page"}],"author":[{"embeddable":true,"href":"https:\/\/francenaturalisation.fr\/index.php\/wp-json\/wp\/v2\/users\/1"}],"replies":[{"embeddable":true,"href":"https:\/\/francenaturalisation.fr\/index.php\/wp-json\/wp\/v2\/comments?post=26"}],"version-history":[{"count":8,"href":"https:\/\/francenaturalisation.fr\/index.php\/wp-json\/wp\/v2\/pages\/26\/revisions"}],"predecessor-version":[{"id":134,"href":"https:\/\/francenaturalisation.fr\/index.php\/wp-json\/wp\/v2\/pages\/26\/revisions\/134"}],"wp:attachment":[{"href":"https:\/\/francenaturalisation.fr\/index.php\/wp-json\/wp\/v2\/media?parent=26"}],"curies":[{"name":"wp","href":"https:\/\/api.w.org\/{rel}","templated":true}]}}